{"id":14259,"date":"2012-01-30T23:26:20","date_gmt":"2012-01-30T23:26:20","guid":{"rendered":"http:\/\/jf2.74.sk\/?page_id=2"},"modified":"2012-01-30T23:26:20","modified_gmt":"2012-01-30T23:26:20","slug":"uvod","status":"publish","type":"page","link":"https:\/\/janfigel.com\/sk\/uvod\/","title":{"rendered":"\u00daVOD"},"content":{"rendered":"<h4 style=\"text-align: left;\"><strong><span style=\"color: #ff0000;\"><a href=\"http:\/\/moje.hnonline.sk\/node\/11509\"><span style=\"color: #ff0000;\">Vl\u00e1da ist\u00f4t riadi dopravu<\/span><\/a>\u00a0\u00a0\u00a0\u00a0\u00a0\u00a0\u00a0\u00a0\u00a0\u00a0\u00a0\u00a0\u00a0\u00a0\u00a0\u00a0\u00a0\u00a0\u00a0\u00a0\u00a0\u00a0\u00a0\u00a0\u00a0\u00a0\u00a0\u00a0\u00a0\u00a0\u00a0\u00a0\u00a0\u00a0\u00a0\u00a0\u00a0\u00a0\u00a0\u00a0\u00a0\u00a0\u00a0\u00a0\u00a0\u00a0\u00a0\u00a0\u00a0\u00a0\u00a0\u00a0\u00a0\u00a0\u00a0\u00a0\u00a0\u00a0\u00a0\u00a0\u00a0\u00a0\u00a0\u00a0\u00a0\u00a0\u00a0\u00a0\u00a0\u00a0\u00a0\u00a0\u00a0\u00a0\u00a0\u00a0\u00a0\u00a0\u00a0\u00a031. j\u00fal 2012<\/span><\/strong><\/h4>\n<p style=\"text-align: justify;\"><strong>Vl\u00e1da predlo\u017eila parlamentu n\u00e1vrh z\u00e1kona o inteligentn\u00fdch dopravn\u00fdch syst\u00e9moch v cestnej doprave.<\/strong><\/p>\n<p style=\"text-align: justify;\">Z\u00e1kon o inteligentn\u00fdch dopravn\u00fdch syst\u00e9moch je d\u00f4le\u017eit\u00fd pre Slovensko z\u00a0vn\u00fatro\u0161t\u00e1tneho a\u00a0z\u00a0medzin\u00e1rodn\u00e9ho h\u013eadiska. Pre krajinu v strede kontinentu, akou je Slovensko, mo\u017eno e\u0161te o to viac, \u017ee sme a\u00a0chceme by\u0165 kri\u017eovatkou dopravn\u00fdch ciest.<\/p>\n<p style=\"text-align: justify;\">Kvalitn\u00e9 a prec\u00edzne prevzatie pravidiel, ktor\u00e9 sa postupne tvoria v celej Eur\u00f3pskej \u00fanii na z\u00e1klade smernice Eur\u00f3pskeho parlamentu a\u00a0Rady 2010\/40\/E\u00da z roku 2010, je potrebn\u00e9. Z\u00e1rove\u0148 vytvorenie N\u00e1rodn\u00e9ho dopravn\u00e9ho informa\u010dn\u00e9ho centra vytv\u00e1ra priestor na zefekt\u00edvnenie prepravy, na zni\u017eovanie emisi\u00ed a\u00a0nehodovosti, na zvy\u0161ovanie na\u0161ej konkurencieschopnosti. Pozit\u00edvne hodnot\u00edm snahu o zapojenie \u010do najv\u00e4\u010d\u0161ieho po\u010dtu relevantn\u00fdch in\u0161tit\u00faci\u00ed do syst\u00e9mu.<\/p>\n<p style=\"text-align: justify;\"><strong>ALE<\/strong><\/p>\n<p style=\"text-align: justify;\">\u010co v\u0161ak z\u00e1kon v\u00fdrazne podce\u0148uje je multimodalita dopravy a\u00a0dopravn\u00fdch syst\u00e9mov celkovo, v\u00a0r\u00e1mci \u00fazemia, teda medzi mestami i\u00a0vo ve\u013ek\u00fdch mest\u00e1ch (osobitne v\u00a0Bratislave). Z\u00e1kon a\u00a0t\u00fdm predpoklady pre syst\u00e9m s\u00fa pripravovan\u00e9 m\u00e1lo komplexne a\u00a0m\u00e1lo profesion\u00e1lne. Spomeniem \u010dasti v z\u00e1kone aj v d\u00f4vodovej spr\u00e1ve k z\u00e1konu, ktor\u00e9 vo mne vyvol\u00e1vaj\u00fa pochybnosti. Z\u00e1rove\u0148 uv\u00e1dzam ot\u00e1zky, na ktor\u00e9 nie je zodpovedan\u00e9 ani z\u00e1konom, ani ministerstvom.<\/p>\n<ol style=\"text-align: justify;\">\n<li>Pri predlo\u017een\u00ed z\u00e1kona minister Po\u010diatek nevie, kto bude tvorcom a prev\u00e1dzkovate\u013eom N\u00e1rodn\u00e9ho dopravn\u00e9ho informa\u010dn\u00e9ho centra (NDIC). V d\u00f4vodovej spr\u00e1ve je nap\u00edsan\u00e9, \u017ee to bude \u201cmo\u017eno\u201d N\u00e1rodn\u00e1 dia\u013eni\u010dn\u00e1 spolo\u010dnos\u0165. Kto teda? Ak\u00e1 in\u0161tit\u00facia? \u0160t\u00e1tna? S\u00fakromn\u00e1?<\/li>\n<li>Pod\u013ea z\u00e1kona vznikne \u0161t\u00e1tny odborn\u00fd dozor, ktor\u00fd m\u00f4\u017ee ude\u013eova\u0165 pokutu od 500 eur do 65.000 eur za nedodr\u017eanie \u00a72 ods. 6. Pod\u013ea pr\u00edlohy z\u00e1kona je mo\u017en\u00e9 udeli\u0165 pokutu, ak s\u00fa opatrenia, ktor\u00e9 zav\u00e1dza poskytovate\u013e dopravn\u00fdch inform\u00e1ci\u00ed \u2013 ne\u00fa\u010dinn\u00e9 (bod 1, p\u00edsmeno a)\u00a0pr\u00edlohy \u010d. 1) \u2013 ak\u00e9 s\u00fa to \u00fa\u010dinn\u00e9 opatrenia? \u2013 Ch\u00fdba kvantifik\u00e1cia, alebo syst\u00e9m hodnotenia \u2013 toto z\u00e1kon neuv\u00e1dza. Ako bude \u0161t\u00e1tny odborn\u00fd dozor vyhodnocova\u0165 \u00fa\u010dinnos\u0165, alebo ne\u00fa\u010dinnos\u0165 t\u00fdchto opatren\u00ed? Nebude ovplyvnite\u013en\u00fd alebo subjekt\u00edvny pri posudzovan\u00ed? Nie je lep\u0161ie presnej\u0161ie kvantifikova\u0165, alebo vymedzi\u0165 pravidl\u00e1 na dodr\u017eiavanie z\u00e1kona?<\/li>\n<li>V\u00a0d\u00f4vodovej spr\u00e1ve sa p\u00ed\u0161e, \u017ee nie je jednozna\u010dne ur\u010den\u00e9, kto bude prev\u00e1dzkova\u0165 NDIC \u2013 a\u00a0ak to bude prev\u00e1dzkova\u0165 N\u00e1rodn\u00e1 dia\u013eni\u010dn\u00e1 spolo\u010dnos\u0165 (NDS), tak bud\u00fa osobn\u00e9 n\u00e1klady nulov\u00e9; TOTO NIE JE RE\u00c1LNE \u2013 obsluha tak\u00e9ho syst\u00e9mu, kde doch\u00e1dza k zberu d\u00e1t, jeho spracovaniu a\u00a0\u010fal\u0161ej koordin\u00e1cii a\u00a0\u0161\u00edreniu, kde minim\u00e1lne pod\u013ea n\u00e1vrhu tohto z\u00e1kona je z\u00fa\u010dastnen\u00fdch minim\u00e1lne 11 r\u00f4znych in\u0161tit\u00faci\u00ed si nevy\u017eaduje \u017eiadne person\u00e1lne nav\u00fd\u0161enie? To azda v NDS \u013eudia \u010dakaj\u00fa na pr\u00e1cu a maj\u00fa to\u013eko \u010dasu, \u017ee bud\u00fa vedie\u0165 v ich teraj\u0161ej pracovnej dobe koordinova\u0165 v\u0161etky bud\u00face aktivity NDIS? Som presved\u010den\u00fd, \u017ee to tak nie je, a \u017ee \u013eudia aj v NDS maj\u00fa pracovn\u00fd \u010das dostato\u010dne vyplnen\u00fd \u00fakonmi, ktor\u00e9 im z ich poz\u00edci\u00ed prin\u00e1le\u017eia.<\/li>\n<li>Celkov\u00e9 n\u00e1klady s\u00fa predpokladan\u00e9 na \u00farovni 150 mil. EUR z\u00a0prostriedkov Opera\u010dn\u00e9ho programu Doprava. \u010cas\u0165 zo \u0161t\u00e1tneho rozpo\u010dtu znamen\u00e1 za\u0165a\u017eenie \u0160R cca 30 mil. EUR. V\u00a0tabu\u013eke 5 je ale celkov\u00fd vplyv na verejn\u00e9 financie 47 mil. EUR. Urobil niekto v pr\u00edprave, kalkul\u00e1cii, alebo pl\u00e1novan\u00ed chybu? Alebo je d\u00f4vodov\u00e1 spr\u00e1va zle nap\u00edsan\u00e1?<\/li>\n<li>Taktie\u017e s\u00fa financie (kapit\u00e1lov\u00e9 v\u00fddavky) rie\u0161en\u00e9 iba ako n\u00e1vrh, bez podrobnej\u0161\u00edch rozpisov, kde, ako a pre\u010do pr\u00e1ve 150 mil. EUR. Je aspo\u0148 v pr\u00edprave \u0161t\u00fadia na tento syst\u00e9m?<\/li>\n<li>Odborn\u00fa verejnos\u0165 zauj\u00edma, ak\u00e9ho modelu na tvorbu NDIS sa chce ministerstvo dopravy riadi\u0165, kto bude poradcom, resp. odborn\u00fdm garantom realiz\u00e1cie projektu. Preto\u017ee aj ke\u010f pod\u013ea slov ministra je tento z\u00e1kon vytvoren\u00edm r\u00e1mca na tvorbu NDIS, u\u017e navrhuje financie, ktor\u00e9 s\u00fa potrebn\u00e9 na jeho realiz\u00e1ciu, teda m\u00e1 na mysli model, pod\u013ea ktor\u00e9ho bude NDIS realizova\u0165.<\/li>\n<\/ol>\n<p style=\"text-align: justify;\">Ako povedal minister dopravy J\u00e1n Po\u010diatek \u2013 n\u00e1vrh z\u00e1kona je r\u00e1mec, znamen\u00e1 zapracovanie smernice EU. P\u00fdtam sa ale \u2013 v smernici E\u00da je nap\u00edsan\u00e9, ko\u013eko m\u00e1 st\u00e1\u0165 NDIC na Slovensku? Pre\u010do 150 mili\u00f3nov EUR?<\/p>\n<p style=\"text-align: justify;\">Po\u010diatek \u010falej poslancom povedal: \u201cVy neviete, \u010do je obsahom projektu \u2013 a to nevie nikto.\u201d P\u00fdtam sa teda: ideme schv\u00e1li\u0165 150 mili\u00f3nov EUR na nie\u010do, o \u010dom nikto, dokonca ani minister dopravy nevie?<\/p>\n<p style=\"text-align: justify;\">\u010ealej minister tvrd\u00ed, \u017ee z\u00e1kon iba zav\u00e1dza r\u00e1mec na tvorbu NDIS, ale nie je ist\u00e9, kedy bude vytvoren\u00fd, ko\u013eko bude st\u00e1\u0165. S\u00e1m si protire\u010d\u00ed s n\u00e1vrhom z\u00e1kona a d\u00f4vodovou spr\u00e1vou. T\u00e1 predsa jasne uv\u00e1dza dopad na \u0161t\u00e1tny rozpo\u010det v roku 2014 a 2015 a \u010falej. To znamen\u00e1, \u017ee ministerstvo u\u017e s vplyvom na \u0161t\u00e1tny rozpo\u010det kalkuluje.<\/p>\n<p style=\"text-align: justify;\">Prip\u00e1jam linky na znenie z\u00e1kona a pr\u00edlohy, kde si \u010ditate\u013e s\u00e1m m\u00f4\u017ee vytvori\u0165 n\u00e1zor na n\u00e1vrh:<br \/>\n<a title=\"http:\/\/www.nrsr.sk\/web\/Default.aspx?sid=zakony\/cpt&amp;ZakZborID=13&amp;CisObdobia=6&amp;ID=139\" href=\"http:\/\/www.nrsr.sk\/web\/Default.aspx?sid=zakony\/cpt&amp;ZakZborID=13&amp;CisObdobia=6&amp;ID=139\" target=\"_blank\">http:\/\/www.nrsr.sk\/web\/Default.aspx?sid=zakony\/cpt&amp;ZakZborID=13&amp;CisObdob&#8230;<\/a><\/p>\n<p style=\"text-align: justify;\">A uv\u00e1dzam pre \u00faplnos\u0165 tie\u017e moje vyst\u00fapenie, vyst\u00fapenie poslancov s faktick\u00fdmi pozn\u00e1mkami a vyst\u00fapenie ministra ako predkladate\u013ea:<br \/>\n<a title=\"http:\/\/mmserv2.nrsr.sk\/NRSRInternet\/Vystupenie\/84060\/Figel_Jan.html\u00a0\" href=\"http:\/\/mmserv2.nrsr.sk\/NRSRInternet\/Vystupenie\/84060\/Figel_Jan.html\u00a0\" target=\"_blank\">http:\/\/mmserv2.nrsr.sk\/NRSRInternet\/Vystupenie\/84060\/Figel_Jan.html\u00a0<\/a><\/p>","protected":false},"excerpt":{"rendered":"<p>Vl\u00e1da ist\u00f4t riadi dopravu\u00a0\u00a0\u00a0\u00a0\u00a0\u00a0\u00a0\u00a0\u00a0\u00a0\u00a0\u00a0\u00a0\u00a0\u00a0\u00a0\u00a0\u00a0\u00a0\u00a0\u00a0\u00a0\u00a0\u00a0\u00a0\u00a0\u00a0\u00a0\u00a0\u00a0\u00a0\u00a0\u00a0\u00a0\u00a0\u00a0\u00a0\u00a0\u00a0\u00a0\u00a0\u00a0\u00a0\u00a0\u00a0\u00a0\u00a0\u00a0\u00a0\u00a0\u00a0\u00a0\u00a0\u00a0\u00a0\u00a0\u00a0\u00a0\u00a0\u00a0\u00a0\u00a0\u00a0\u00a0\u00a0\u00a0\u00a0\u00a0\u00a0\u00a0\u00a0\u00a0\u00a0\u00a0\u00a0\u00a0\u00a0\u00a0\u00a0\u00a031. j\u00fal 2012 Vl\u00e1da predlo\u017eila parlamentu n\u00e1vrh z\u00e1kona o inteligentn\u00fdch dopravn\u00fdch syst\u00e9moch v cestnej doprave. Z\u00e1kon o inteligentn\u00fdch dopravn\u00fdch syst\u00e9moch je d\u00f4le\u017eit\u00fd pre Slovensko z\u00a0vn\u00fatro\u0161t\u00e1tneho a\u00a0z\u00a0medzin\u00e1rodn\u00e9ho h\u013eadiska. Pre krajinu v strede kontinentu, akou je Slovensko, mo\u017eno e\u0161te o to viac, \u017ee sme a\u00a0chceme by\u0165 kri\u017eovatkou dopravn\u00fdch ciest. Kvalitn\u00e9 a prec\u00edzne prevzatie pravidiel, [&hellip;]<\/p>","protected":false},"author":3,"featured_media":0,"parent":0,"menu_order":0,"comment_status":"open","ping_status":"open","template":"","meta":{"footnotes":""},"class_list":["post-14259","page","type-page","status-publish","hentry"],"yoast_head":"<!-- This site is optimized with the Yoast SEO plugin v26.7 - https:\/\/yoast.com\/wordpress\/plugins\/seo\/ -->\n<title>\u00daVOD - J\u00e1n Fige\u013e<\/title>\n<meta name=\"robots\" content=\"index, follow, max-snippet:-1, max-image-preview:large, max-video-preview:-1\" \/>\n<link rel=\"canonical\" href=\"https:\/\/janfigel.com\/sk\/uvod\/\" \/>\n<meta property=\"og:locale\" content=\"sk_SK\" \/>\n<meta property=\"og:type\" content=\"article\" \/>\n<meta property=\"og:title\" content=\"\u00daVOD - J\u00e1n Fige\u013e\" \/>\n<meta property=\"og:description\" content=\"Vl\u00e1da ist\u00f4t riadi dopravu\u00a0\u00a0\u00a0\u00a0\u00a0\u00a0\u00a0\u00a0\u00a0\u00a0\u00a0\u00a0\u00a0\u00a0\u00a0\u00a0\u00a0\u00a0\u00a0\u00a0\u00a0\u00a0\u00a0\u00a0\u00a0\u00a0\u00a0\u00a0\u00a0\u00a0\u00a0\u00a0\u00a0\u00a0\u00a0\u00a0\u00a0\u00a0\u00a0\u00a0\u00a0\u00a0\u00a0\u00a0\u00a0\u00a0\u00a0\u00a0\u00a0\u00a0\u00a0\u00a0\u00a0\u00a0\u00a0\u00a0\u00a0\u00a0\u00a0\u00a0\u00a0\u00a0\u00a0\u00a0\u00a0\u00a0\u00a0\u00a0\u00a0\u00a0\u00a0\u00a0\u00a0\u00a0\u00a0\u00a0\u00a0\u00a0\u00a0\u00a031. j\u00fal 2012 Vl\u00e1da predlo\u017eila parlamentu n\u00e1vrh z\u00e1kona o inteligentn\u00fdch dopravn\u00fdch syst\u00e9moch v cestnej doprave. Z\u00e1kon o inteligentn\u00fdch dopravn\u00fdch syst\u00e9moch je d\u00f4le\u017eit\u00fd pre Slovensko z\u00a0vn\u00fatro\u0161t\u00e1tneho a\u00a0z\u00a0medzin\u00e1rodn\u00e9ho h\u013eadiska. Pre krajinu v strede kontinentu, akou je Slovensko, mo\u017eno e\u0161te o to viac, \u017ee sme a\u00a0chceme by\u0165 kri\u017eovatkou dopravn\u00fdch ciest. Kvalitn\u00e9 a prec\u00edzne prevzatie pravidiel, [&hellip;]\" \/>\n<meta property=\"og:url\" content=\"https:\/\/janfigel.com\/sk\/uvod\/\" \/>\n<meta property=\"og:site_name\" content=\"J\u00e1n Fige\u013e\" \/>\n<meta property=\"article:publisher\" content=\"https:\/\/www.facebook.com\/p\/Jn-Fige-prv-slovensk-eurokomisr-100064782245760\/\" \/>\n<meta name=\"twitter:card\" content=\"summary_large_image\" \/>\n<meta name=\"twitter:site\" content=\"@janfigel\" \/>\n<meta name=\"twitter:label1\" content=\"Est. reading time\" \/>\n\t<meta name=\"twitter:data1\" content=\"5 minutes\" \/>\n<script type=\"application\/ld+json\" class=\"yoast-schema-graph\">{\"@context\":\"https:\/\/schema.org\",\"@graph\":[{\"@type\":\"WebPage\",\"@id\":\"https:\/\/janfigel.com\/uvod\/\",\"url\":\"https:\/\/janfigel.com\/uvod\/\",\"name\":\"\u00daVOD - J\u00e1n Fige\u013e\",\"isPartOf\":{\"@id\":\"https:\/\/janfigel.com\/sk\/#website\"},\"datePublished\":\"2012-01-30T23:26:20+00:00\",\"breadcrumb\":{\"@id\":\"https:\/\/janfigel.com\/uvod\/#breadcrumb\"},\"inLanguage\":\"sk\",\"potentialAction\":[{\"@type\":\"ReadAction\",\"target\":[\"https:\/\/janfigel.com\/uvod\/\"]}]},{\"@type\":\"BreadcrumbList\",\"@id\":\"https:\/\/janfigel.com\/uvod\/#breadcrumb\",\"itemListElement\":[{\"@type\":\"ListItem\",\"position\":1,\"name\":\"Home\",\"item\":\"https:\/\/janfigel.com\/\"},{\"@type\":\"ListItem\",\"position\":2,\"name\":\"\u00daVOD\"}]},{\"@type\":\"WebSite\",\"@id\":\"https:\/\/janfigel.com\/sk\/#website\",\"url\":\"https:\/\/janfigel.com\/sk\/\",\"name\":\"J\u00e1n Fige\u013e\",\"description\":\"\",\"publisher\":{\"@id\":\"https:\/\/janfigel.com\/sk\/#organization\"},\"potentialAction\":[{\"@type\":\"SearchAction\",\"target\":{\"@type\":\"EntryPoint\",\"urlTemplate\":\"https:\/\/janfigel.com\/sk\/?s={search_term_string}\"},\"query-input\":{\"@type\":\"PropertyValueSpecification\",\"valueRequired\":true,\"valueName\":\"search_term_string\"}}],\"inLanguage\":\"sk\"},{\"@type\":\"Organization\",\"@id\":\"https:\/\/janfigel.com\/sk\/#organization\",\"name\":\"J\u00e1n Fige\u013e\",\"url\":\"https:\/\/janfigel.com\/sk\/\",\"logo\":{\"@type\":\"ImageObject\",\"inLanguage\":\"sk\",\"@id\":\"https:\/\/janfigel.com\/sk\/#\/schema\/logo\/image\/\",\"url\":\"https:\/\/janfigel.com\/wp-content\/uploads\/2025\/06\/JF_Navy-Blue-1.png\",\"contentUrl\":\"https:\/\/janfigel.com\/wp-content\/uploads\/2025\/06\/JF_Navy-Blue-1.png\",\"width\":2451,\"height\":2451,\"caption\":\"J\u00e1n Fige\u013e\"},\"image\":{\"@id\":\"https:\/\/janfigel.com\/sk\/#\/schema\/logo\/image\/\"},\"sameAs\":[\"https:\/\/www.facebook.com\/p\/Jn-Fige-prv-slovensk-eurokomisr-100064782245760\/\",\"https:\/\/x.com\/janfigel\",\"https:\/\/sk.linkedin.com\/in\/jn-fige-110354126\",\"https:\/\/www.instagram.com\/figeljan\/\",\"https:\/\/www.youtube.com\/@janfigel_eu\"]}]}<\/script>\n<!-- \/ Yoast SEO plugin. -->","yoast_head_json":{"title":"\u00daVOD - J\u00e1n Fige\u013e","robots":{"index":"index","follow":"follow","max-snippet":"max-snippet:-1","max-image-preview":"max-image-preview:large","max-video-preview":"max-video-preview:-1"},"canonical":"https:\/\/janfigel.com\/sk\/uvod\/","og_locale":"sk_SK","og_type":"article","og_title":"\u00daVOD - J\u00e1n Fige\u013e","og_description":"Vl\u00e1da ist\u00f4t riadi dopravu\u00a0\u00a0\u00a0\u00a0\u00a0\u00a0\u00a0\u00a0\u00a0\u00a0\u00a0\u00a0\u00a0\u00a0\u00a0\u00a0\u00a0\u00a0\u00a0\u00a0\u00a0\u00a0\u00a0\u00a0\u00a0\u00a0\u00a0\u00a0\u00a0\u00a0\u00a0\u00a0\u00a0\u00a0\u00a0\u00a0\u00a0\u00a0\u00a0\u00a0\u00a0\u00a0\u00a0\u00a0\u00a0\u00a0\u00a0\u00a0\u00a0\u00a0\u00a0\u00a0\u00a0\u00a0\u00a0\u00a0\u00a0\u00a0\u00a0\u00a0\u00a0\u00a0\u00a0\u00a0\u00a0\u00a0\u00a0\u00a0\u00a0\u00a0\u00a0\u00a0\u00a0\u00a0\u00a0\u00a0\u00a0\u00a0\u00a0\u00a031. j\u00fal 2012 Vl\u00e1da predlo\u017eila parlamentu n\u00e1vrh z\u00e1kona o inteligentn\u00fdch dopravn\u00fdch syst\u00e9moch v cestnej doprave. Z\u00e1kon o inteligentn\u00fdch dopravn\u00fdch syst\u00e9moch je d\u00f4le\u017eit\u00fd pre Slovensko z\u00a0vn\u00fatro\u0161t\u00e1tneho a\u00a0z\u00a0medzin\u00e1rodn\u00e9ho h\u013eadiska. Pre krajinu v strede kontinentu, akou je Slovensko, mo\u017eno e\u0161te o to viac, \u017ee sme a\u00a0chceme by\u0165 kri\u017eovatkou dopravn\u00fdch ciest. Kvalitn\u00e9 a prec\u00edzne prevzatie pravidiel, [&hellip;]","og_url":"https:\/\/janfigel.com\/sk\/uvod\/","og_site_name":"J\u00e1n Fige\u013e","article_publisher":"https:\/\/www.facebook.com\/p\/Jn-Fige-prv-slovensk-eurokomisr-100064782245760\/","twitter_card":"summary_large_image","twitter_site":"@janfigel","twitter_misc":{"Est. reading time":"5 minutes"},"schema":{"@context":"https:\/\/schema.org","@graph":[{"@type":"WebPage","@id":"https:\/\/janfigel.com\/uvod\/","url":"https:\/\/janfigel.com\/uvod\/","name":"\u00daVOD - J\u00e1n Fige\u013e","isPartOf":{"@id":"https:\/\/janfigel.com\/sk\/#website"},"datePublished":"2012-01-30T23:26:20+00:00","breadcrumb":{"@id":"https:\/\/janfigel.com\/uvod\/#breadcrumb"},"inLanguage":"sk","potentialAction":[{"@type":"ReadAction","target":["https:\/\/janfigel.com\/uvod\/"]}]},{"@type":"BreadcrumbList","@id":"https:\/\/janfigel.com\/uvod\/#breadcrumb","itemListElement":[{"@type":"ListItem","position":1,"name":"Home","item":"https:\/\/janfigel.com\/"},{"@type":"ListItem","position":2,"name":"\u00daVOD"}]},{"@type":"WebSite","@id":"https:\/\/janfigel.com\/sk\/#website","url":"https:\/\/janfigel.com\/sk\/","name":"J\u00e1n Fige\u013e","description":"","publisher":{"@id":"https:\/\/janfigel.com\/sk\/#organization"},"potentialAction":[{"@type":"SearchAction","target":{"@type":"EntryPoint","urlTemplate":"https:\/\/janfigel.com\/sk\/?s={search_term_string}"},"query-input":{"@type":"PropertyValueSpecification","valueRequired":true,"valueName":"search_term_string"}}],"inLanguage":"sk"},{"@type":"Organization","@id":"https:\/\/janfigel.com\/sk\/#organization","name":"J\u00e1n Fige\u013e","url":"https:\/\/janfigel.com\/sk\/","logo":{"@type":"ImageObject","inLanguage":"sk","@id":"https:\/\/janfigel.com\/sk\/#\/schema\/logo\/image\/","url":"https:\/\/janfigel.com\/wp-content\/uploads\/2025\/06\/JF_Navy-Blue-1.png","contentUrl":"https:\/\/janfigel.com\/wp-content\/uploads\/2025\/06\/JF_Navy-Blue-1.png","width":2451,"height":2451,"caption":"J\u00e1n Fige\u013e"},"image":{"@id":"https:\/\/janfigel.com\/sk\/#\/schema\/logo\/image\/"},"sameAs":["https:\/\/www.facebook.com\/p\/Jn-Fige-prv-slovensk-eurokomisr-100064782245760\/","https:\/\/x.com\/janfigel","https:\/\/sk.linkedin.com\/in\/jn-fige-110354126","https:\/\/www.instagram.com\/figeljan\/","https:\/\/www.youtube.com\/@janfigel_eu"]}]}},"_links":{"self":[{"href":"https:\/\/janfigel.com\/sk\/wp-json\/wp\/v2\/pages\/14259","targetHints":{"allow":["GET"]}}],"collection":[{"href":"https:\/\/janfigel.com\/sk\/wp-json\/wp\/v2\/pages"}],"about":[{"href":"https:\/\/janfigel.com\/sk\/wp-json\/wp\/v2\/types\/page"}],"author":[{"embeddable":true,"href":"https:\/\/janfigel.com\/sk\/wp-json\/wp\/v2\/users\/3"}],"replies":[{"embeddable":true,"href":"https:\/\/janfigel.com\/sk\/wp-json\/wp\/v2\/comments?post=14259"}],"version-history":[{"count":0,"href":"https:\/\/janfigel.com\/sk\/wp-json\/wp\/v2\/pages\/14259\/revisions"}],"wp:attachment":[{"href":"https:\/\/janfigel.com\/sk\/wp-json\/wp\/v2\/media?parent=14259"}],"curies":[{"name":"wp","href":"https:\/\/api.w.org\/{rel}","templated":true}]}}