{"id":15250,"date":"2025-05-12T03:45:58","date_gmt":"2025-05-12T01:45:58","guid":{"rendered":"https:\/\/janfigel.com\/?page_id=15250"},"modified":"2026-01-06T01:16:10","modified_gmt":"2026-01-06T00:16:10","slug":"about-me","status":"publish","type":"page","link":"https:\/\/janfigel.com\/sk\/about-me\/","title":{"rendered":"O mne"},"content":{"rendered":"<div class=\"wp-block-columns alignwide is-layout-flex wp-container-core-columns-is-layout-28f84493 wp-block-columns-is-layout-flex\">\n<div class=\"wp-block-column is-layout-flow wp-block-column-is-layout-flow\">\n<p><\/p>\n\n\n\n<p class=\"has-xx-large-font-size\">Short Bio<\/p>\n\n\n\n<div class=\"wp-block-columns alignwide has-accent-5-background-color has-background is-layout-flex wp-container-core-columns-is-layout-51c0b34d wp-block-columns-is-layout-flex\" style=\"padding-top:var(--wp--preset--spacing--50);padding-bottom:var(--wp--preset--spacing--50)\">\n<div class=\"wp-block-column is-layout-flow wp-block-column-is-layout-flow\" style=\"padding-top:0;padding-bottom:0\"><\/div>\n\n\n\n<div class=\"wp-block-column is-layout-flow wp-block-column-is-layout-flow\">\n<p>Som J\u00e1n Fige\u013e (nar. 1960), p\u00f4vodom z \u010caklova v okrese Vranov nad Top\u013eou, man\u017eel a otec \u0161tyroch det\u00ed. Vy\u0161tudoval som Elektrotechnick\u00fa fakultu na Technickej univerzite v Ko\u0161iciach. Nesk\u00f4r som sa zameral na \u0161t\u00fadium medzin\u00e1rodn\u00fdch vz\u0165ahov vo Washingtone (USA) a eur\u00f3pskej ekonomickej integr\u00e1cie v Antverp\u00e1ch (Belgicko). \u0160tyri roky som vyu\u010doval medzin\u00e1rodn\u00e9 vz\u0165ahy na Trnavskej univerzite v Trnave. PhD \u0161t\u00fadium som zav\u0155\u0161il na Vysokej \u0161kole sv. Al\u017ebety v Bratislave.<\/p>\n<\/div>\n<\/div>\n\n\n\n<div class=\"wp-block-columns alignwide has-accent-5-background-color has-background is-layout-flex wp-container-core-columns-is-layout-51c0b34d wp-block-columns-is-layout-flex\" style=\"padding-top:var(--wp--preset--spacing--50);padding-bottom:var(--wp--preset--spacing--50)\">\n<div class=\"wp-block-column is-layout-flow wp-block-column-is-layout-flow\">\n<p>V profesion\u00e1lnom \u017eivote som od r. 1983 pracoval ako kon\u0161trukt\u00e9r a v\u00fdvoj\u00e1r v ZPA Pre\u0161ov. Od Novembra 1989 som bol akt\u00edvny pri zakladan\u00ed Kres\u0165anskodemokratick\u00e9ho hnutia. Od  r. 1992 som sa venoval zahrani\u010dnej a eur\u00f3pskej politike ako poslanec NR SR, a od r. 1998 ako \u0161t\u00e1tny tajomn\u00edk Ministerstva zahrani\u010dn\u00fdch vec\u00ed SR a hlavn\u00fd vyjedn\u00e1va\u010d pre vstup do E\u00da. Rokovania o vstupe trvali do decembra 2002. Ich v\u00fdsledkom bola Pr\u00edstupov\u00e1 zmluva SR s E\u00da, ktorej som jedn\u00fdm zo \u0161tyroch signat\u00e1rom.<\/p>\n<\/div>\n\n\n\n<div class=\"wp-block-column is-layout-flow wp-block-column-is-layout-flow\" style=\"padding-top:0;padding-bottom:0\"><\/div>\n<\/div>\n\n\n\n<div class=\"wp-block-columns alignwide has-accent-5-background-color has-background is-layout-flex wp-container-core-columns-is-layout-51c0b34d wp-block-columns-is-layout-flex\" style=\"padding-top:var(--wp--preset--spacing--50);padding-bottom:var(--wp--preset--spacing--50)\">\n<div class=\"wp-block-column is-layout-flow wp-block-column-is-layout-flow\" style=\"padding-top:0;padding-bottom:0\">\n<figure class=\"wp-block-image size-large\"><img loading=\"lazy\" decoding=\"async\" width=\"1024\" height=\"428\" src=\"https:\/\/janfigel.com\/wp-content\/uploads\/2025\/11\/P0147370002H-1024x428.jpg\" alt=\"\" class=\"wp-image-17619\" srcset=\"https:\/\/janfigel.com\/wp-content\/uploads\/2025\/11\/P0147370002H-1024x428.jpg 1024w, https:\/\/janfigel.com\/wp-content\/uploads\/2025\/11\/P0147370002H-300x125.jpg 300w, https:\/\/janfigel.com\/wp-content\/uploads\/2025\/11\/P0147370002H-768x321.jpg 768w, https:\/\/janfigel.com\/wp-content\/uploads\/2025\/11\/P0147370002H-1536x642.jpg 1536w, https:\/\/janfigel.com\/wp-content\/uploads\/2025\/11\/P0147370002H-2048x856.jpg 2048w\" sizes=\"auto, (max-width: 1024px) 100vw, 1024px\" \/><\/figure>\n<\/div>\n\n\n\n<div class=\"wp-block-column is-layout-flow wp-block-column-is-layout-flow\">\n<p>V \u00falohe \u0161t\u00e1tneho tajomn\u00edka MZV som v r. 1999\u20132002 viedol aj pr\u00edpravu na \u010dlenstvo SR v NATO. Po vstupe do Eur\u00f3pskej \u00fanie som od 1. m\u00e1ja 2004 pracoval ako prv\u00fd slovensk\u00fd eurokomis\u00e1r, zodpovedn\u00fd za podnikanie a informa\u010dn\u00fa spolo\u010dnos\u0165, a nesk\u00f4r za vzdel\u00e1vanie, odborn\u00fa pr\u00edpravu, kult\u00faru a ml\u00e1de\u017e.<\/p>\n<\/div>\n<\/div>\n\n\n\n<div class=\"wp-block-columns alignwide has-accent-5-background-color has-background is-layout-flex wp-container-core-columns-is-layout-51c0b34d wp-block-columns-is-layout-flex\" style=\"padding-top:var(--wp--preset--spacing--50);padding-bottom:var(--wp--preset--spacing--50)\">\n<div class=\"wp-block-column is-layout-flow wp-block-column-is-layout-flow\">\n<p>Inicioval som excelentn\u00fd program medzin\u00e1rodnej univerzitnej spolupr\u00e1ce Erasmus Mundus (2004) a zalo\u017eil Eur\u00f3psky inova\u010dn\u00fd a technologick\u00fd in\u0161tit\u00fat (EIT, 2008), ktor\u00fd je dnes najv\u00e4\u010d\u0161\u00edm inova\u010dn\u00fdm ekosyst\u00e9mom v Eur\u00f3pe s vy\u0161e 2400 partnermi, ktor\u00fdmi s\u00fa univerzity, v\u00fdskumn\u00e9 centr\u00e1 a podniky.<\/p>\n<\/div>\n\n\n\n<div class=\"wp-block-column is-layout-flow wp-block-column-is-layout-flow\" style=\"padding-top:0;padding-bottom:0\">\n<figure class=\"wp-block-image size-large\"><img loading=\"lazy\" decoding=\"async\" width=\"1024\" height=\"680\" src=\"https:\/\/janfigel.com\/wp-content\/uploads\/2025\/11\/P0126140002H-1024x680.jpg\" alt=\"\" class=\"wp-image-17621\" srcset=\"https:\/\/janfigel.com\/wp-content\/uploads\/2025\/11\/P0126140002H-1024x680.jpg 1024w, https:\/\/janfigel.com\/wp-content\/uploads\/2025\/11\/P0126140002H-300x199.jpg 300w, https:\/\/janfigel.com\/wp-content\/uploads\/2025\/11\/P0126140002H-768x510.jpg 768w, https:\/\/janfigel.com\/wp-content\/uploads\/2025\/11\/P0126140002H-1536x1020.jpg 1536w, https:\/\/janfigel.com\/wp-content\/uploads\/2025\/11\/P0126140002H-2048x1360.jpg 2048w\" sizes=\"auto, (max-width: 1024px) 100vw, 1024px\" \/><\/figure>\n<\/div>\n<\/div>\n\n\n\n<div class=\"wp-block-columns alignwide has-accent-5-background-color has-background is-layout-flex wp-container-core-columns-is-layout-51c0b34d wp-block-columns-is-layout-flex\" style=\"padding-top:var(--wp--preset--spacing--50);padding-bottom:var(--wp--preset--spacing--50)\">\n<div class=\"wp-block-column is-layout-flow wp-block-column-is-layout-flow\" style=\"padding-top:0;padding-bottom:0\"><\/div>\n\n\n\n<div class=\"wp-block-column is-layout-flow wp-block-column-is-layout-flow\">\n<p>Ako vicepremi\u00e9r a minister dopravy v rokoch 2010\u20132012 som zah\u00e1jil v\u00fdstavbu 56 kilometrov nov\u00fdch dia\u013enic a 72 km som odovzdal do u\u017e\u00edvania. Ako podpredseda NR SR a predseda KDH som v r. 2013\u20132014 inicioval prijatie defin\u00edcie, ochrany a podpory man\u017eelstva ako jedine\u010dn\u00e9ho zv\u00e4zku medzi mu\u017eom a \u017eenou do \u00dastavy Slovenskej republiky.<\/p>\n<\/div>\n<\/div>\n\n\n\n<div class=\"wp-block-columns alignwide has-accent-5-background-color has-background is-layout-flex wp-container-core-columns-is-layout-51c0b34d wp-block-columns-is-layout-flex\" style=\"padding-top:var(--wp--preset--spacing--50);padding-bottom:var(--wp--preset--spacing--50)\">\n<div class=\"wp-block-column is-layout-flow wp-block-column-is-layout-flow\">\n<p>Po\u010das ute\u010deneckej kr\u00edzy na Bl\u00edzkom v\u00fdchode a prenasledovania n\u00e1bo\u017eensk\u00fdch a etnick\u00fdch men\u0161\u00edn v Iraku a S\u00fdrii teroristami tzv. Islamsk\u00e9ho \u0161t\u00e1tu (ISIS) som bol vymenovan\u00fd za prv\u00e9ho Osobitn\u00e9ho vyslanca pre slobodu n\u00e1bo\u017eenstva alebo viery mimo E\u00da (2016\u20132019). Podie\u013eal som sa na z\u00e1chrane \u017eivotov a slobody celkovo 25 ods\u00faden\u00fdch alebo prenasledovan\u00fdch os\u00f4b v Pakistane, Sud\u00e1ne, Ir\u00e1ne a na Kube.<\/p>\n<\/div>\n\n\n\n<div class=\"wp-block-column is-layout-flow wp-block-column-is-layout-flow\" style=\"padding-top:0;padding-bottom:0\">\n<figure class=\"wp-block-image size-full is-resized\"><img loading=\"lazy\" decoding=\"async\" width=\"1680\" height=\"945\" src=\"https:\/\/janfigel.com\/wp-content\/uploads\/2025\/11\/0acde3aa-1b9b-11ef-b315-ca36e7882062.webp\" alt=\"\" class=\"wp-image-17623\" style=\"width:602px;height:auto\" srcset=\"https:\/\/janfigel.com\/wp-content\/uploads\/2025\/11\/0acde3aa-1b9b-11ef-b315-ca36e7882062.webp 1680w, https:\/\/janfigel.com\/wp-content\/uploads\/2025\/11\/0acde3aa-1b9b-11ef-b315-ca36e7882062-300x169.webp 300w, https:\/\/janfigel.com\/wp-content\/uploads\/2025\/11\/0acde3aa-1b9b-11ef-b315-ca36e7882062-1024x576.webp 1024w, https:\/\/janfigel.com\/wp-content\/uploads\/2025\/11\/0acde3aa-1b9b-11ef-b315-ca36e7882062-768x432.webp 768w, https:\/\/janfigel.com\/wp-content\/uploads\/2025\/11\/0acde3aa-1b9b-11ef-b315-ca36e7882062-1536x864.webp 1536w\" sizes=\"auto, (max-width: 1680px) 100vw, 1680px\" \/><\/figure>\n<\/div>\n<\/div>\n\n\n\n<div class=\"wp-block-columns alignwide has-accent-5-background-color has-background is-layout-flex wp-container-core-columns-is-layout-51c0b34d wp-block-columns-is-layout-flex\" style=\"padding-top:var(--wp--preset--spacing--50);padding-bottom:var(--wp--preset--spacing--50)\">\n<div class=\"wp-block-column is-layout-flow wp-block-column-is-layout-flow\" style=\"padding-top:0;padding-bottom:0\"><\/div>\n\n\n\n<div class=\"wp-block-column is-layout-flow wp-block-column-is-layout-flow\">\n<p>B\u00fdvam v Bratislave a pracujem v oblasti inov\u00e1ci\u00ed, priemyseln\u00fdch projektov a region\u00e1lneho rozvoja. Som predsedom Spr\u00e1vnej rady Nad\u00e1cie Tunegu, P\u00fa\u010dika a Tes\u00e1ra. V medzin\u00e1rodn\u00fdch vz\u0165ahoch sa venujem podpore \u013eudskej d\u00f4stojnosti, n\u00e1bo\u017eenskej slobody a mieru a spolupr\u00e1ce medzi n\u00e1rodmi.<\/p>\n<\/div>\n<\/div>\n\n\n\n<div class=\"wp-block-columns alignwide has-accent-5-background-color has-background is-layout-flex wp-container-core-columns-is-layout-51c0b34d wp-block-columns-is-layout-flex\" style=\"padding-top:var(--wp--preset--spacing--50);padding-bottom:var(--wp--preset--spacing--50)\">\n<div class=\"wp-block-column is-layout-flow wp-block-column-is-layout-flow\">\n<p>Od r. 2025 som hos\u0165uj\u00facim lektorom na MCC Kol\u00e9giu v Budape\u0161ti a hos\u0165uj\u00facim profesorom na univerzite CEU San Pablo v Madride. Som predsedom mimovl\u00e1dnej organiz\u00e1cie FOREF Europe a predsedom Vedeck\u00e9ho v\u00fdboru Nad\u00e1cie Clementy pre \u0161t\u00fadium Schumanovho dedi\u010dstva, v spolupr\u00e1ci s P\u00e1pe\u017eskou akad\u00e9miou vied vo Vatik\u00e1ne.<\/p>\n<\/div>\n\n\n\n<div class=\"wp-block-column is-layout-flow wp-block-column-is-layout-flow\" style=\"padding-top:0;padding-bottom:0\"><\/div>\n<\/div>\n\n\n\n<p><\/p>\n<\/div>\n<\/div>\n\n\n\n<p><\/p>\n\n\n\n<p><\/p>","protected":false},"excerpt":{"rendered":"<p>Short Bio I am J\u00e1n Fige\u013e (born 1960), originally from \u010caklov in the Vranov nad Top\u013eou district, a husband and father of four children. I graduated from the Faculty of Electrical Engineering at the Technical University of Ko\u0161ice. Later, I focused on studying international relations in Washington (USA) and European economic integration in Antwerp (Belgium). [&hellip;]<\/p>","protected":false},"author":1,"featured_media":0,"parent":0,"menu_order":0,"comment_status":"closed","ping_status":"closed","template":"","meta":{"footnotes":""},"class_list":["post-15250","page","type-page","status-publish","hentry"],"yoast_head":"<!-- This site is optimized with the Yoast SEO plugin v26.7 - https:\/\/yoast.com\/wordpress\/plugins\/seo\/ -->\n<title>About Me - J\u00e1n Fige\u013e<\/title>\n<meta name=\"robots\" content=\"index, follow, max-snippet:-1, max-image-preview:large, max-video-preview:-1\" \/>\n<link rel=\"canonical\" href=\"https:\/\/janfigel.com\/sk\/about-me\/\" \/>\n<meta property=\"og:locale\" content=\"sk_SK\" \/>\n<meta property=\"og:type\" content=\"article\" \/>\n<meta property=\"og:title\" content=\"About Me - J\u00e1n Fige\u013e\" \/>\n<meta property=\"og:description\" content=\"Short Bio I am J\u00e1n Fige\u013e (born 1960), originally from \u010caklov in the Vranov nad Top\u013eou district, a husband and father of four children. I graduated from the Faculty of Electrical Engineering at the Technical University of Ko\u0161ice. Later, I focused on studying international relations in Washington (USA) and European economic integration in Antwerp (Belgium). [&hellip;]\" \/>\n<meta property=\"og:url\" content=\"https:\/\/janfigel.com\/sk\/about-me\/\" \/>\n<meta property=\"og:site_name\" content=\"J\u00e1n Fige\u013e\" \/>\n<meta property=\"article:publisher\" content=\"https:\/\/www.facebook.com\/p\/Jn-Fige-prv-slovensk-eurokomisr-100064782245760\/\" \/>\n<meta property=\"article:modified_time\" content=\"2026-01-06T00:16:10+00:00\" \/>\n<meta property=\"og:image\" content=\"https:\/\/janfigel.com\/wp-content\/uploads\/2025\/11\/P0147370002H-scaled.jpg\" \/>\n\t<meta property=\"og:image:width\" content=\"2560\" \/>\n\t<meta property=\"og:image:height\" content=\"1069\" \/>\n\t<meta property=\"og:image:type\" content=\"image\/jpeg\" \/>\n<meta name=\"twitter:card\" content=\"summary_large_image\" \/>\n<meta name=\"twitter:site\" content=\"@janfigel\" \/>\n<meta name=\"twitter:label1\" content=\"Est. reading time\" \/>\n\t<meta name=\"twitter:data1\" content=\"3 minutes\" \/>\n<script type=\"application\/ld+json\" class=\"yoast-schema-graph\">{\"@context\":\"https:\/\/schema.org\",\"@graph\":[{\"@type\":\"WebPage\",\"@id\":\"https:\/\/janfigel.com\/about-me\/\",\"url\":\"https:\/\/janfigel.com\/about-me\/\",\"name\":\"About Me - J\u00e1n Fige\u013e\",\"isPartOf\":{\"@id\":\"https:\/\/janfigel.com\/sk\/#website\"},\"primaryImageOfPage\":{\"@id\":\"https:\/\/janfigel.com\/about-me\/#primaryimage\"},\"image\":{\"@id\":\"https:\/\/janfigel.com\/about-me\/#primaryimage\"},\"thumbnailUrl\":\"https:\/\/janfigel.com\/wp-content\/uploads\/2025\/11\/P0147370002H-1024x428.jpg\",\"datePublished\":\"2025-05-12T01:45:58+00:00\",\"dateModified\":\"2026-01-06T00:16:10+00:00\",\"breadcrumb\":{\"@id\":\"https:\/\/janfigel.com\/about-me\/#breadcrumb\"},\"inLanguage\":\"sk\",\"potentialAction\":[{\"@type\":\"ReadAction\",\"target\":[\"https:\/\/janfigel.com\/about-me\/\"]}]},{\"@type\":\"ImageObject\",\"inLanguage\":\"sk\",\"@id\":\"https:\/\/janfigel.com\/about-me\/#primaryimage\",\"url\":\"https:\/\/janfigel.com\/wp-content\/uploads\/2025\/11\/P0147370002H-1024x428.jpg\",\"contentUrl\":\"https:\/\/janfigel.com\/wp-content\/uploads\/2025\/11\/P0147370002H-1024x428.jpg\"},{\"@type\":\"BreadcrumbList\",\"@id\":\"https:\/\/janfigel.com\/about-me\/#breadcrumb\",\"itemListElement\":[{\"@type\":\"ListItem\",\"position\":1,\"name\":\"Home\",\"item\":\"https:\/\/janfigel.com\/\"},{\"@type\":\"ListItem\",\"position\":2,\"name\":\"About Me\"}]},{\"@type\":\"WebSite\",\"@id\":\"https:\/\/janfigel.com\/sk\/#website\",\"url\":\"https:\/\/janfigel.com\/sk\/\",\"name\":\"J\u00e1n Fige\u013e\",\"description\":\"\",\"publisher\":{\"@id\":\"https:\/\/janfigel.com\/sk\/#organization\"},\"potentialAction\":[{\"@type\":\"SearchAction\",\"target\":{\"@type\":\"EntryPoint\",\"urlTemplate\":\"https:\/\/janfigel.com\/sk\/?s={search_term_string}\"},\"query-input\":{\"@type\":\"PropertyValueSpecification\",\"valueRequired\":true,\"valueName\":\"search_term_string\"}}],\"inLanguage\":\"sk\"},{\"@type\":\"Organization\",\"@id\":\"https:\/\/janfigel.com\/sk\/#organization\",\"name\":\"J\u00e1n Fige\u013e\",\"url\":\"https:\/\/janfigel.com\/sk\/\",\"logo\":{\"@type\":\"ImageObject\",\"inLanguage\":\"sk\",\"@id\":\"https:\/\/janfigel.com\/sk\/#\/schema\/logo\/image\/\",\"url\":\"https:\/\/janfigel.com\/wp-content\/uploads\/2025\/06\/JF_Navy-Blue-1.png\",\"contentUrl\":\"https:\/\/janfigel.com\/wp-content\/uploads\/2025\/06\/JF_Navy-Blue-1.png\",\"width\":2451,\"height\":2451,\"caption\":\"J\u00e1n Fige\u013e\"},\"image\":{\"@id\":\"https:\/\/janfigel.com\/sk\/#\/schema\/logo\/image\/\"},\"sameAs\":[\"https:\/\/www.facebook.com\/p\/Jn-Fige-prv-slovensk-eurokomisr-100064782245760\/\",\"https:\/\/x.com\/janfigel\",\"https:\/\/sk.linkedin.com\/in\/jn-fige-110354126\",\"https:\/\/www.instagram.com\/figeljan\/\",\"https:\/\/www.youtube.com\/@janfigel_eu\"]}]}<\/script>\n<!-- \/ Yoast SEO plugin. -->","yoast_head_json":{"title":"About Me - J\u00e1n Fige\u013e","robots":{"index":"index","follow":"follow","max-snippet":"max-snippet:-1","max-image-preview":"max-image-preview:large","max-video-preview":"max-video-preview:-1"},"canonical":"https:\/\/janfigel.com\/sk\/about-me\/","og_locale":"sk_SK","og_type":"article","og_title":"About Me - J\u00e1n Fige\u013e","og_description":"Short Bio I am J\u00e1n Fige\u013e (born 1960), originally from \u010caklov in the Vranov nad Top\u013eou district, a husband and father of four children. I graduated from the Faculty of Electrical Engineering at the Technical University of Ko\u0161ice. Later, I focused on studying international relations in Washington (USA) and European economic integration in Antwerp (Belgium). [&hellip;]","og_url":"https:\/\/janfigel.com\/sk\/about-me\/","og_site_name":"J\u00e1n Fige\u013e","article_publisher":"https:\/\/www.facebook.com\/p\/Jn-Fige-prv-slovensk-eurokomisr-100064782245760\/","article_modified_time":"2026-01-06T00:16:10+00:00","og_image":[{"width":2560,"height":1069,"url":"https:\/\/janfigel.com\/wp-content\/uploads\/2025\/11\/P0147370002H-scaled.jpg","type":"image\/jpeg"}],"twitter_card":"summary_large_image","twitter_site":"@janfigel","twitter_misc":{"Est. reading time":"3 minutes"},"schema":{"@context":"https:\/\/schema.org","@graph":[{"@type":"WebPage","@id":"https:\/\/janfigel.com\/about-me\/","url":"https:\/\/janfigel.com\/about-me\/","name":"About Me - J\u00e1n Fige\u013e","isPartOf":{"@id":"https:\/\/janfigel.com\/sk\/#website"},"primaryImageOfPage":{"@id":"https:\/\/janfigel.com\/about-me\/#primaryimage"},"image":{"@id":"https:\/\/janfigel.com\/about-me\/#primaryimage"},"thumbnailUrl":"https:\/\/janfigel.com\/wp-content\/uploads\/2025\/11\/P0147370002H-1024x428.jpg","datePublished":"2025-05-12T01:45:58+00:00","dateModified":"2026-01-06T00:16:10+00:00","breadcrumb":{"@id":"https:\/\/janfigel.com\/about-me\/#breadcrumb"},"inLanguage":"sk","potentialAction":[{"@type":"ReadAction","target":["https:\/\/janfigel.com\/about-me\/"]}]},{"@type":"ImageObject","inLanguage":"sk","@id":"https:\/\/janfigel.com\/about-me\/#primaryimage","url":"https:\/\/janfigel.com\/wp-content\/uploads\/2025\/11\/P0147370002H-1024x428.jpg","contentUrl":"https:\/\/janfigel.com\/wp-content\/uploads\/2025\/11\/P0147370002H-1024x428.jpg"},{"@type":"BreadcrumbList","@id":"https:\/\/janfigel.com\/about-me\/#breadcrumb","itemListElement":[{"@type":"ListItem","position":1,"name":"Home","item":"https:\/\/janfigel.com\/"},{"@type":"ListItem","position":2,"name":"About Me"}]},{"@type":"WebSite","@id":"https:\/\/janfigel.com\/sk\/#website","url":"https:\/\/janfigel.com\/sk\/","name":"J\u00e1n Fige\u013e","description":"","publisher":{"@id":"https:\/\/janfigel.com\/sk\/#organization"},"potentialAction":[{"@type":"SearchAction","target":{"@type":"EntryPoint","urlTemplate":"https:\/\/janfigel.com\/sk\/?s={search_term_string}"},"query-input":{"@type":"PropertyValueSpecification","valueRequired":true,"valueName":"search_term_string"}}],"inLanguage":"sk"},{"@type":"Organization","@id":"https:\/\/janfigel.com\/sk\/#organization","name":"J\u00e1n Fige\u013e","url":"https:\/\/janfigel.com\/sk\/","logo":{"@type":"ImageObject","inLanguage":"sk","@id":"https:\/\/janfigel.com\/sk\/#\/schema\/logo\/image\/","url":"https:\/\/janfigel.com\/wp-content\/uploads\/2025\/06\/JF_Navy-Blue-1.png","contentUrl":"https:\/\/janfigel.com\/wp-content\/uploads\/2025\/06\/JF_Navy-Blue-1.png","width":2451,"height":2451,"caption":"J\u00e1n Fige\u013e"},"image":{"@id":"https:\/\/janfigel.com\/sk\/#\/schema\/logo\/image\/"},"sameAs":["https:\/\/www.facebook.com\/p\/Jn-Fige-prv-slovensk-eurokomisr-100064782245760\/","https:\/\/x.com\/janfigel","https:\/\/sk.linkedin.com\/in\/jn-fige-110354126","https:\/\/www.instagram.com\/figeljan\/","https:\/\/www.youtube.com\/@janfigel_eu"]}]}},"_links":{"self":[{"href":"https:\/\/janfigel.com\/sk\/wp-json\/wp\/v2\/pages\/15250","targetHints":{"allow":["GET"]}}],"collection":[{"href":"https:\/\/janfigel.com\/sk\/wp-json\/wp\/v2\/pages"}],"about":[{"href":"https:\/\/janfigel.com\/sk\/wp-json\/wp\/v2\/types\/page"}],"author":[{"embeddable":true,"href":"https:\/\/janfigel.com\/sk\/wp-json\/wp\/v2\/users\/1"}],"replies":[{"embeddable":true,"href":"https:\/\/janfigel.com\/sk\/wp-json\/wp\/v2\/comments?post=15250"}],"version-history":[{"count":14,"href":"https:\/\/janfigel.com\/sk\/wp-json\/wp\/v2\/pages\/15250\/revisions"}],"predecessor-version":[{"id":18105,"href":"https:\/\/janfigel.com\/sk\/wp-json\/wp\/v2\/pages\/15250\/revisions\/18105"}],"wp:attachment":[{"href":"https:\/\/janfigel.com\/sk\/wp-json\/wp\/v2\/media?parent=15250"}],"curies":[{"name":"wp","href":"https:\/\/api.w.org\/{rel}","templated":true}]}}