{"id":16514,"date":"2025-07-07T21:33:09","date_gmt":"2025-07-07T19:33:09","guid":{"rendered":"https:\/\/janfigel.com\/?page_id=16514"},"modified":"2025-10-20T22:28:44","modified_gmt":"2025-10-20T20:28:44","slug":"photos","status":"publish","type":"page","link":"https:\/\/janfigel.com\/sk\/photos\/","title":{"rendered":"Fotky"},"content":{"rendered":"<h4 class=\"wp-block-heading has-text-align-left\">Fotografie na redak\u010dn\u00e9 a medi\u00e1lne pou\u017eitie<\/h4>\n\n\n\n<div class=\"wp-block-group is-layout-grid wp-container-core-group-is-layout-2ddb03c5 wp-block-group-is-layout-grid\">\n<figure data-wp-context=\"{&quot;imageId&quot;:&quot;69f74c4eec12b&quot;}\" data-wp-interactive=\"core\/image\" data-wp-key=\"69f74c4eec12b\" class=\"wp-block-image size-large wp-container-content-35b74cf9 wp-lightbox-container\"><img loading=\"lazy\" decoding=\"async\" width=\"1024\" height=\"683\" data-wp-class--hide=\"state.isContentHidden\" data-wp-class--show=\"state.isContentVisible\" data-wp-init=\"callbacks.setButtonStyles\" data-wp-on--click=\"actions.showLightbox\" data-wp-on--load=\"callbacks.setButtonStyles\" data-wp-on-window--resize=\"callbacks.setButtonStyles\" src=\"https:\/\/janfigel.com\/wp-content\/uploads\/2025\/07\/23-08-26_img_02186-1024x683.jpg\" alt=\"\" class=\"wp-image-16518\" srcset=\"https:\/\/janfigel.com\/wp-content\/uploads\/2025\/07\/23-08-26_img_02186-1024x683.jpg 1024w, https:\/\/janfigel.com\/wp-content\/uploads\/2025\/07\/23-08-26_img_02186-300x200.jpg 300w, https:\/\/janfigel.com\/wp-content\/uploads\/2025\/07\/23-08-26_img_02186-768x512.jpg 768w, https:\/\/janfigel.com\/wp-content\/uploads\/2025\/07\/23-08-26_img_02186-1536x1024.jpg 1536w, https:\/\/janfigel.com\/wp-content\/uploads\/2025\/07\/23-08-26_img_02186-2048x1365.jpg 2048w\" sizes=\"auto, (max-width: 1024px) 100vw, 1024px\" \/><button\n\t\t\tclass=\"lightbox-trigger\"\n\t\t\ttype=\"button\"\n\t\t\taria-haspopup=\"dialog\"\n\t\t\taria-label=\"Enlarge\"\n\t\t\tdata-wp-init=\"callbacks.initTriggerButton\"\n\t\t\tdata-wp-on--click=\"actions.showLightbox\"\n\t\t\tdata-wp-style--right=\"state.imageButtonRight\"\n\t\t\tdata-wp-style--top=\"state.imageButtonTop\"\n\t\t>\n\t\t\t<svg xmlns=\"http:\/\/www.w3.org\/2000\/svg\" width=\"12\" height=\"12\" fill=\"none\" viewbox=\"0 0 12 12\">\n\t\t\t\t<path fill=\"#fff\" d=\"M2 0a2 2 0 0 0-2 2v2h1.5V2a.5.5 0 0 1 .5-.5h2V0H2Zm2 10.5H2a.5.5 0 0 1-.5-.5V8H0v2a2 2 0 0 0 2 2h2v-1.5ZM8 12v-1.5h2a.5.5 0 0 0 .5-.5V8H12v2a2 2 0 0 1-2 2H8Zm2-12a2 2 0 0 1 2 2v2h-1.5V2a.5.5 0 0 0-.5-.5H8V0h2Z\" \/>\n\t\t\t<\/svg>\n\t\t<\/button><figcaption class=\"wp-element-caption\"><a href=\"https:\/\/janfigel.com\/wp-content\/uploads\/2025\/07\/23-08-26_img_02186.jpg\">Stiahnu\u0165 v plnom rozl\u00ed\u0161en\u00ed<\/a><\/figcaption><\/figure>\n\n\n\n<figure data-wp-context=\"{&quot;imageId&quot;:&quot;69f74c4eec6d2&quot;}\" data-wp-interactive=\"core\/image\" data-wp-key=\"69f74c4eec6d2\" class=\"wp-block-image size-large wp-lightbox-container\"><img loading=\"lazy\" decoding=\"async\" width=\"1024\" height=\"683\" data-wp-class--hide=\"state.isContentHidden\" data-wp-class--show=\"state.isContentVisible\" data-wp-init=\"callbacks.setButtonStyles\" data-wp-on--click=\"actions.showLightbox\" data-wp-on--load=\"callbacks.setButtonStyles\" data-wp-on-window--resize=\"callbacks.setButtonStyles\" src=\"https:\/\/janfigel.com\/wp-content\/uploads\/2025\/07\/A24_0516-1024x683.jpg\" alt=\"\" class=\"wp-image-16520\" srcset=\"https:\/\/janfigel.com\/wp-content\/uploads\/2025\/07\/A24_0516-1024x683.jpg 1024w, https:\/\/janfigel.com\/wp-content\/uploads\/2025\/07\/A24_0516-300x200.jpg 300w, https:\/\/janfigel.com\/wp-content\/uploads\/2025\/07\/A24_0516-768x512.jpg 768w, https:\/\/janfigel.com\/wp-content\/uploads\/2025\/07\/A24_0516-1536x1024.jpg 1536w\" sizes=\"auto, (max-width: 1024px) 100vw, 1024px\" \/><button\n\t\t\tclass=\"lightbox-trigger\"\n\t\t\ttype=\"button\"\n\t\t\taria-haspopup=\"dialog\"\n\t\t\taria-label=\"Enlarge\"\n\t\t\tdata-wp-init=\"callbacks.initTriggerButton\"\n\t\t\tdata-wp-on--click=\"actions.showLightbox\"\n\t\t\tdata-wp-style--right=\"state.imageButtonRight\"\n\t\t\tdata-wp-style--top=\"state.imageButtonTop\"\n\t\t>\n\t\t\t<svg xmlns=\"http:\/\/www.w3.org\/2000\/svg\" width=\"12\" height=\"12\" fill=\"none\" viewbox=\"0 0 12 12\">\n\t\t\t\t<path fill=\"#fff\" d=\"M2 0a2 2 0 0 0-2 2v2h1.5V2a.5.5 0 0 1 .5-.5h2V0H2Zm2 10.5H2a.5.5 0 0 1-.5-.5V8H0v2a2 2 0 0 0 2 2h2v-1.5ZM8 12v-1.5h2a.5.5 0 0 0 .5-.5V8H12v2a2 2 0 0 1-2 2H8Zm2-12a2 2 0 0 1 2 2v2h-1.5V2a.5.5 0 0 0-.5-.5H8V0h2Z\" \/>\n\t\t\t<\/svg>\n\t\t<\/button><figcaption class=\"wp-element-caption\"><a href=\"https:\/\/janfigel.com\/wp-content\/uploads\/2025\/07\/A24_0516.jpg\">Stiahnu\u0165 v plnom rozl\u00ed\u0161en\u00ed<\/a><\/figcaption><\/figure>\n\n\n\n<figure data-wp-context=\"{&quot;imageId&quot;:&quot;69f74c4eecb41&quot;}\" data-wp-interactive=\"core\/image\" data-wp-key=\"69f74c4eecb41\" class=\"wp-block-image size-large wp-lightbox-container\"><img loading=\"lazy\" decoding=\"async\" width=\"683\" height=\"1024\" data-wp-class--hide=\"state.isContentHidden\" data-wp-class--show=\"state.isContentVisible\" data-wp-init=\"callbacks.setButtonStyles\" data-wp-on--click=\"actions.showLightbox\" data-wp-on--load=\"callbacks.setButtonStyles\" data-wp-on-window--resize=\"callbacks.setButtonStyles\" src=\"https:\/\/janfigel.com\/wp-content\/uploads\/2025\/07\/16-683x1024.jpg\" alt=\"\" class=\"wp-image-16522\" srcset=\"https:\/\/janfigel.com\/wp-content\/uploads\/2025\/07\/16-683x1024.jpg 683w, https:\/\/janfigel.com\/wp-content\/uploads\/2025\/07\/16-200x300.jpg 200w, https:\/\/janfigel.com\/wp-content\/uploads\/2025\/07\/16-768x1152.jpg 768w, https:\/\/janfigel.com\/wp-content\/uploads\/2025\/07\/16-1024x1536.jpg 1024w, https:\/\/janfigel.com\/wp-content\/uploads\/2025\/07\/16-1365x2048.jpg 1365w, https:\/\/janfigel.com\/wp-content\/uploads\/2025\/07\/16-scaled.jpg 1707w\" sizes=\"auto, (max-width: 683px) 100vw, 683px\" \/><button\n\t\t\tclass=\"lightbox-trigger\"\n\t\t\ttype=\"button\"\n\t\t\taria-haspopup=\"dialog\"\n\t\t\taria-label=\"Enlarge\"\n\t\t\tdata-wp-init=\"callbacks.initTriggerButton\"\n\t\t\tdata-wp-on--click=\"actions.showLightbox\"\n\t\t\tdata-wp-style--right=\"state.imageButtonRight\"\n\t\t\tdata-wp-style--top=\"state.imageButtonTop\"\n\t\t>\n\t\t\t<svg xmlns=\"http:\/\/www.w3.org\/2000\/svg\" width=\"12\" height=\"12\" fill=\"none\" viewbox=\"0 0 12 12\">\n\t\t\t\t<path fill=\"#fff\" d=\"M2 0a2 2 0 0 0-2 2v2h1.5V2a.5.5 0 0 1 .5-.5h2V0H2Zm2 10.5H2a.5.5 0 0 1-.5-.5V8H0v2a2 2 0 0 0 2 2h2v-1.5ZM8 12v-1.5h2a.5.5 0 0 0 .5-.5V8H12v2a2 2 0 0 1-2 2H8Zm2-12a2 2 0 0 1 2 2v2h-1.5V2a.5.5 0 0 0-.5-.5H8V0h2Z\" \/>\n\t\t\t<\/svg>\n\t\t<\/button><figcaption class=\"wp-element-caption\"><a href=\"https:\/\/janfigel.com\/wp-content\/uploads\/2025\/07\/16.jpg\">Stiahnu\u0165 v plnom rozl\u00ed\u0161en\u00ed<\/a><\/figcaption><\/figure>\n\n\n\n<figure data-wp-context=\"{&quot;imageId&quot;:&quot;69f74c4eecfd9&quot;}\" data-wp-interactive=\"core\/image\" data-wp-key=\"69f74c4eecfd9\" class=\"wp-block-image size-large wp-lightbox-container\"><img loading=\"lazy\" decoding=\"async\" width=\"683\" height=\"1024\" data-wp-class--hide=\"state.isContentHidden\" data-wp-class--show=\"state.isContentVisible\" data-wp-init=\"callbacks.setButtonStyles\" data-wp-on--click=\"actions.showLightbox\" data-wp-on--load=\"callbacks.setButtonStyles\" data-wp-on-window--resize=\"callbacks.setButtonStyles\" src=\"https:\/\/janfigel.com\/wp-content\/uploads\/2025\/07\/14-683x1024.jpg\" alt=\"\" class=\"wp-image-16521\" srcset=\"https:\/\/janfigel.com\/wp-content\/uploads\/2025\/07\/14-683x1024.jpg 683w, https:\/\/janfigel.com\/wp-content\/uploads\/2025\/07\/14-200x300.jpg 200w, https:\/\/janfigel.com\/wp-content\/uploads\/2025\/07\/14-768x1152.jpg 768w, https:\/\/janfigel.com\/wp-content\/uploads\/2025\/07\/14-1024x1536.jpg 1024w, https:\/\/janfigel.com\/wp-content\/uploads\/2025\/07\/14-1365x2048.jpg 1365w, https:\/\/janfigel.com\/wp-content\/uploads\/2025\/07\/14-scaled.jpg 1707w\" sizes=\"auto, (max-width: 683px) 100vw, 683px\" \/><button\n\t\t\tclass=\"lightbox-trigger\"\n\t\t\ttype=\"button\"\n\t\t\taria-haspopup=\"dialog\"\n\t\t\taria-label=\"Enlarge\"\n\t\t\tdata-wp-init=\"callbacks.initTriggerButton\"\n\t\t\tdata-wp-on--click=\"actions.showLightbox\"\n\t\t\tdata-wp-style--right=\"state.imageButtonRight\"\n\t\t\tdata-wp-style--top=\"state.imageButtonTop\"\n\t\t>\n\t\t\t<svg xmlns=\"http:\/\/www.w3.org\/2000\/svg\" width=\"12\" height=\"12\" fill=\"none\" viewbox=\"0 0 12 12\">\n\t\t\t\t<path fill=\"#fff\" d=\"M2 0a2 2 0 0 0-2 2v2h1.5V2a.5.5 0 0 1 .5-.5h2V0H2Zm2 10.5H2a.5.5 0 0 1-.5-.5V8H0v2a2 2 0 0 0 2 2h2v-1.5ZM8 12v-1.5h2a.5.5 0 0 0 .5-.5V8H12v2a2 2 0 0 1-2 2H8Zm2-12a2 2 0 0 1 2 2v2h-1.5V2a.5.5 0 0 0-.5-.5H8V0h2Z\" \/>\n\t\t\t<\/svg>\n\t\t<\/button><figcaption class=\"wp-element-caption\"><a href=\"https:\/\/janfigel.com\/wp-content\/uploads\/2025\/07\/14.jpg\">Stiahnu\u0165 v plnom rozl\u00ed\u0161en\u00ed<\/a><\/figcaption><\/figure>\n<\/div>","protected":false},"excerpt":{"rendered":"<p>Fotografie na redak\u010dn\u00e9 a medi\u00e1lne pou\u017eitie<\/p>","protected":false},"author":1,"featured_media":0,"parent":0,"menu_order":0,"comment_status":"closed","ping_status":"closed","template":"","meta":{"footnotes":""},"class_list":["post-16514","page","type-page","status-publish","hentry"],"yoast_head":"<!-- This site is optimized with the Yoast SEO plugin v26.7 - https:\/\/yoast.com\/wordpress\/plugins\/seo\/ -->\n<title>Photos - J\u00e1n Fige\u013e<\/title>\n<meta name=\"robots\" content=\"index, follow, max-snippet:-1, max-image-preview:large, max-video-preview:-1\" \/>\n<link rel=\"canonical\" href=\"https:\/\/janfigel.com\/sk\/photos\/\" \/>\n<meta property=\"og:locale\" content=\"sk_SK\" \/>\n<meta property=\"og:type\" content=\"article\" \/>\n<meta property=\"og:title\" content=\"Photos - J\u00e1n Fige\u013e\" \/>\n<meta property=\"og:description\" content=\"Photos for editorial and media use\" \/>\n<meta property=\"og:url\" content=\"https:\/\/janfigel.com\/sk\/photos\/\" \/>\n<meta property=\"og:site_name\" content=\"J\u00e1n Fige\u013e\" \/>\n<meta property=\"article:publisher\" content=\"https:\/\/www.facebook.com\/p\/Jn-Fige-prv-slovensk-eurokomisr-100064782245760\/\" \/>\n<meta property=\"article:modified_time\" content=\"2025-10-20T20:28:44+00:00\" \/>\n<meta property=\"og:image\" content=\"https:\/\/janfigel.com\/wp-content\/uploads\/2025\/07\/23-08-26_img_02186-scaled.jpg\" \/>\n\t<meta property=\"og:image:width\" content=\"2560\" \/>\n\t<meta property=\"og:image:height\" content=\"1707\" \/>\n\t<meta property=\"og:image:type\" content=\"image\/jpeg\" \/>\n<meta name=\"twitter:card\" content=\"summary_large_image\" \/>\n<meta name=\"twitter:site\" content=\"@janfigel\" \/>\n<script type=\"application\/ld+json\" class=\"yoast-schema-graph\">{\"@context\":\"https:\/\/schema.org\",\"@graph\":[{\"@type\":\"WebPage\",\"@id\":\"https:\/\/janfigel.com\/photos\/\",\"url\":\"https:\/\/janfigel.com\/photos\/\",\"name\":\"Photos - J\u00e1n Fige\u013e\",\"isPartOf\":{\"@id\":\"https:\/\/janfigel.com\/sk\/#website\"},\"primaryImageOfPage\":{\"@id\":\"https:\/\/janfigel.com\/photos\/#primaryimage\"},\"image\":{\"@id\":\"https:\/\/janfigel.com\/photos\/#primaryimage\"},\"thumbnailUrl\":\"https:\/\/janfigel.com\/wp-content\/uploads\/2025\/07\/23-08-26_img_02186-1024x683.jpg\",\"datePublished\":\"2025-07-07T19:33:09+00:00\",\"dateModified\":\"2025-10-20T20:28:44+00:00\",\"breadcrumb\":{\"@id\":\"https:\/\/janfigel.com\/photos\/#breadcrumb\"},\"inLanguage\":\"sk\",\"potentialAction\":[{\"@type\":\"ReadAction\",\"target\":[\"https:\/\/janfigel.com\/photos\/\"]}]},{\"@type\":\"ImageObject\",\"inLanguage\":\"sk\",\"@id\":\"https:\/\/janfigel.com\/photos\/#primaryimage\",\"url\":\"https:\/\/janfigel.com\/wp-content\/uploads\/2025\/07\/23-08-26_img_02186-1024x683.jpg\",\"contentUrl\":\"https:\/\/janfigel.com\/wp-content\/uploads\/2025\/07\/23-08-26_img_02186-1024x683.jpg\"},{\"@type\":\"BreadcrumbList\",\"@id\":\"https:\/\/janfigel.com\/photos\/#breadcrumb\",\"itemListElement\":[{\"@type\":\"ListItem\",\"position\":1,\"name\":\"Home\",\"item\":\"https:\/\/janfigel.com\/\"},{\"@type\":\"ListItem\",\"position\":2,\"name\":\"Photos\"}]},{\"@type\":\"WebSite\",\"@id\":\"https:\/\/janfigel.com\/sk\/#website\",\"url\":\"https:\/\/janfigel.com\/sk\/\",\"name\":\"J\u00e1n Fige\u013e\",\"description\":\"\",\"publisher\":{\"@id\":\"https:\/\/janfigel.com\/sk\/#organization\"},\"potentialAction\":[{\"@type\":\"SearchAction\",\"target\":{\"@type\":\"EntryPoint\",\"urlTemplate\":\"https:\/\/janfigel.com\/sk\/?s={search_term_string}\"},\"query-input\":{\"@type\":\"PropertyValueSpecification\",\"valueRequired\":true,\"valueName\":\"search_term_string\"}}],\"inLanguage\":\"sk\"},{\"@type\":\"Organization\",\"@id\":\"https:\/\/janfigel.com\/sk\/#organization\",\"name\":\"J\u00e1n Fige\u013e\",\"url\":\"https:\/\/janfigel.com\/sk\/\",\"logo\":{\"@type\":\"ImageObject\",\"inLanguage\":\"sk\",\"@id\":\"https:\/\/janfigel.com\/sk\/#\/schema\/logo\/image\/\",\"url\":\"https:\/\/janfigel.com\/wp-content\/uploads\/2025\/06\/JF_Navy-Blue-1.png\",\"contentUrl\":\"https:\/\/janfigel.com\/wp-content\/uploads\/2025\/06\/JF_Navy-Blue-1.png\",\"width\":2451,\"height\":2451,\"caption\":\"J\u00e1n Fige\u013e\"},\"image\":{\"@id\":\"https:\/\/janfigel.com\/sk\/#\/schema\/logo\/image\/\"},\"sameAs\":[\"https:\/\/www.facebook.com\/p\/Jn-Fige-prv-slovensk-eurokomisr-100064782245760\/\",\"https:\/\/x.com\/janfigel\",\"https:\/\/sk.linkedin.com\/in\/jn-fige-110354126\",\"https:\/\/www.instagram.com\/figeljan\/\",\"https:\/\/www.youtube.com\/@janfigel_eu\"]}]}<\/script>\n<!-- \/ Yoast SEO plugin. -->","yoast_head_json":{"title":"Photos - J\u00e1n Fige\u013e","robots":{"index":"index","follow":"follow","max-snippet":"max-snippet:-1","max-image-preview":"max-image-preview:large","max-video-preview":"max-video-preview:-1"},"canonical":"https:\/\/janfigel.com\/sk\/photos\/","og_locale":"sk_SK","og_type":"article","og_title":"Photos - J\u00e1n Fige\u013e","og_description":"Photos for editorial and media use","og_url":"https:\/\/janfigel.com\/sk\/photos\/","og_site_name":"J\u00e1n Fige\u013e","article_publisher":"https:\/\/www.facebook.com\/p\/Jn-Fige-prv-slovensk-eurokomisr-100064782245760\/","article_modified_time":"2025-10-20T20:28:44+00:00","og_image":[{"width":2560,"height":1707,"url":"https:\/\/janfigel.com\/wp-content\/uploads\/2025\/07\/23-08-26_img_02186-scaled.jpg","type":"image\/jpeg"}],"twitter_card":"summary_large_image","twitter_site":"@janfigel","schema":{"@context":"https:\/\/schema.org","@graph":[{"@type":"WebPage","@id":"https:\/\/janfigel.com\/photos\/","url":"https:\/\/janfigel.com\/photos\/","name":"Photos - J\u00e1n Fige\u013e","isPartOf":{"@id":"https:\/\/janfigel.com\/sk\/#website"},"primaryImageOfPage":{"@id":"https:\/\/janfigel.com\/photos\/#primaryimage"},"image":{"@id":"https:\/\/janfigel.com\/photos\/#primaryimage"},"thumbnailUrl":"https:\/\/janfigel.com\/wp-content\/uploads\/2025\/07\/23-08-26_img_02186-1024x683.jpg","datePublished":"2025-07-07T19:33:09+00:00","dateModified":"2025-10-20T20:28:44+00:00","breadcrumb":{"@id":"https:\/\/janfigel.com\/photos\/#breadcrumb"},"inLanguage":"sk","potentialAction":[{"@type":"ReadAction","target":["https:\/\/janfigel.com\/photos\/"]}]},{"@type":"ImageObject","inLanguage":"sk","@id":"https:\/\/janfigel.com\/photos\/#primaryimage","url":"https:\/\/janfigel.com\/wp-content\/uploads\/2025\/07\/23-08-26_img_02186-1024x683.jpg","contentUrl":"https:\/\/janfigel.com\/wp-content\/uploads\/2025\/07\/23-08-26_img_02186-1024x683.jpg"},{"@type":"BreadcrumbList","@id":"https:\/\/janfigel.com\/photos\/#breadcrumb","itemListElement":[{"@type":"ListItem","position":1,"name":"Home","item":"https:\/\/janfigel.com\/"},{"@type":"ListItem","position":2,"name":"Photos"}]},{"@type":"WebSite","@id":"https:\/\/janfigel.com\/sk\/#website","url":"https:\/\/janfigel.com\/sk\/","name":"J\u00e1n Fige\u013e","description":"","publisher":{"@id":"https:\/\/janfigel.com\/sk\/#organization"},"potentialAction":[{"@type":"SearchAction","target":{"@type":"EntryPoint","urlTemplate":"https:\/\/janfigel.com\/sk\/?s={search_term_string}"},"query-input":{"@type":"PropertyValueSpecification","valueRequired":true,"valueName":"search_term_string"}}],"inLanguage":"sk"},{"@type":"Organization","@id":"https:\/\/janfigel.com\/sk\/#organization","name":"J\u00e1n Fige\u013e","url":"https:\/\/janfigel.com\/sk\/","logo":{"@type":"ImageObject","inLanguage":"sk","@id":"https:\/\/janfigel.com\/sk\/#\/schema\/logo\/image\/","url":"https:\/\/janfigel.com\/wp-content\/uploads\/2025\/06\/JF_Navy-Blue-1.png","contentUrl":"https:\/\/janfigel.com\/wp-content\/uploads\/2025\/06\/JF_Navy-Blue-1.png","width":2451,"height":2451,"caption":"J\u00e1n Fige\u013e"},"image":{"@id":"https:\/\/janfigel.com\/sk\/#\/schema\/logo\/image\/"},"sameAs":["https:\/\/www.facebook.com\/p\/Jn-Fige-prv-slovensk-eurokomisr-100064782245760\/","https:\/\/x.com\/janfigel","https:\/\/sk.linkedin.com\/in\/jn-fige-110354126","https:\/\/www.instagram.com\/figeljan\/","https:\/\/www.youtube.com\/@janfigel_eu"]}]}},"_links":{"self":[{"href":"https:\/\/janfigel.com\/sk\/wp-json\/wp\/v2\/pages\/16514","targetHints":{"allow":["GET"]}}],"collection":[{"href":"https:\/\/janfigel.com\/sk\/wp-json\/wp\/v2\/pages"}],"about":[{"href":"https:\/\/janfigel.com\/sk\/wp-json\/wp\/v2\/types\/page"}],"author":[{"embeddable":true,"href":"https:\/\/janfigel.com\/sk\/wp-json\/wp\/v2\/users\/1"}],"replies":[{"embeddable":true,"href":"https:\/\/janfigel.com\/sk\/wp-json\/wp\/v2\/comments?post=16514"}],"version-history":[{"count":27,"href":"https:\/\/janfigel.com\/sk\/wp-json\/wp\/v2\/pages\/16514\/revisions"}],"predecessor-version":[{"id":17513,"href":"https:\/\/janfigel.com\/sk\/wp-json\/wp\/v2\/pages\/16514\/revisions\/17513"}],"wp:attachment":[{"href":"https:\/\/janfigel.com\/sk\/wp-json\/wp\/v2\/media?parent=16514"}],"curies":[{"name":"wp","href":"https:\/\/api.w.org\/{rel}","templated":true}]}}